{"id":16,"date":"2012-01-19T14:57:47","date_gmt":"2012-01-19T14:57:47","guid":{"rendered":"http:\/\/www.retolspalau.com\/?page_id=16"},"modified":"2021-02-26T00:05:29","modified_gmt":"2021-02-25T23:05:29","slug":"retols-palau","status":"publish","type":"page","link":"https:\/\/www.retolspalau.com\/es\/retols-palau\/","title":{"rendered":"R\u00e8tols Palau"},"content":{"rendered":"<div class=\"fusion-bg-parallax\" data-bg-align=\"center top\" data-direction=\"up\" data-mute=\"false\" data-opacity=\"100\" data-velocity=\"-0.5\" data-mobile-enabled=\"true\" data-break_parents=\"0\" data-bg-image=\"http:\/\/www.retolspalau.com\/wp-content\/uploads\/2021\/02\/RP_BG_Retols-1.jpg\" data-bg-repeat=\"false\" ><\/div><div class=\"fusion-fullwidth fullwidth-box fusion-builder-row-1 fusion-flex-container fusion-parallax-up nonhundred-percent-fullwidth hundred-percent-height hundred-percent-height-center-content non-hundred-percent-height-scrolling\" style=\"--awb-background-position:center top;--awb-border-radius-top-left:0px;--awb-border-radius-top-right:0px;--awb-border-radius-bottom-right:0px;--awb-border-radius-bottom-left:0px;--awb-background-image:url(&quot;http:\/\/www.retolspalau.com\/wp-content\/uploads\/2021\/02\/RP_BG_Retols-1.jpg&quot;);--awb-background-size:cover;--awb-flex-wrap:wrap;\" ><div class=\"fusion-builder-row fusion-row fusion-flex-align-items-flex-start fusion-flex-content-wrap\" style=\"max-width:1248px;margin-left: calc(-4% \/ 2 );margin-right: calc(-4% \/ 2 );\"><div class=\"fusion-layout-column fusion_builder_column fusion-builder-column-0 fusion_builder_column_1_2 1_2 fusion-flex-column fusion-flex-align-self-center\" style=\"--awb-bg-position:center top;--awb-bg-size:cover;--awb-width-large:50%;--awb-margin-top-large:0px;--awb-spacing-right-large:3.84%;--awb-margin-bottom-large:20px;--awb-spacing-left-large:3.84%;--awb-width-medium:50%;--awb-order-medium:0;--awb-spacing-right-medium:3.84%;--awb-spacing-left-medium:3.84%;--awb-width-small:100%;--awb-order-small:0;--awb-spacing-right-small:1.92%;--awb-spacing-left-small:1.92%;\"><div class=\"fusion-column-wrapper fusion-column-has-shadow fusion-flex-justify-content-center fusion-content-layout-column\"><\/div><\/div><div class=\"fusion-layout-column fusion_builder_column fusion-builder-column-1 fusion_builder_column_1_2 1_2 fusion-flex-column fusion-flex-align-self-center fusion-animated\" style=\"--awb-padding-top:10%;--awb-padding-right:10%;--awb-padding-bottom:10%;--awb-padding-left:10%;--awb-bg-color:rgba(37,42,53,0.25);--awb-bg-color-hover:rgba(37,42,53,0.25);--awb-bg-position:center top;--awb-bg-size:cover;--awb-width-large:50%;--awb-margin-top-large:0px;--awb-spacing-right-large:3.84%;--awb-margin-bottom-large:20px;--awb-spacing-left-large:3.84%;--awb-width-medium:50%;--awb-order-medium:0;--awb-spacing-right-medium:3.84%;--awb-spacing-left-medium:3.84%;--awb-width-small:100%;--awb-order-small:0;--awb-spacing-right-small:1.92%;--awb-spacing-left-small:1.92%;\" data-animationType=\"fadeInLeft\" data-animationDuration=\"2.0\" data-animationOffset=\"top-into-view\"><div class=\"fusion-column-wrapper fusion-column-has-shadow fusion-flex-justify-content-center fusion-content-layout-column\"><div class=\"fusion-text fusion-text-1\"><p>R\u00e8tols Palau nace en 1999 en la poblaci\u00f3n vallesana de Palau-solit\u00e0 i Plegamans, siendo nuestro principal objetivo el mantener el m\u00e1s alto nivel profesional y humano.<\/p>\n<p>Nos ajustamos a sus necesidades para realizar sus proyectos de manera r\u00e1pida y eficaz en rotulaci\u00f3n e imagen comercial y corporativa, cuidando al m\u00e1ximo los materiales y acabados.<\/p>\n<p>La opini\u00f3n de nuestros clientes y sus necesidades son fundamentales, por eso conf\u00edan en nosotros desde grandes empresas, hasta comerciantes y particulares.<\/p>\n<p>Hacemos rotulaci\u00f3n y montajes publicitarios en todo tipo de lugares y acontecimientos, tales como: ferias y congresos, centros comerciales, naves industriales, comercios, escaparates y cristaleras, veh\u00edculos y flotas, expositores, luminosos, vallas publicitarias, etc.<\/p>\n<p>Nuestro objetivo principal como equipo consiste en ofrecer, de forma personalizada, la soluci\u00f3n m\u00e1s efectiva para el cliente. De esta manera resolveremos, con gran capacidad, sus necesidades de imagen corporativa.<\/p>\n<\/div><\/div><\/div><\/div><\/div>\n","protected":false},"excerpt":{"rendered":"","protected":false},"author":5,"featured_media":0,"parent":0,"menu_order":2,"comment_status":"closed","ping_status":"closed","template":"100-width.php","meta":{"footnotes":""},"class_list":["post-16","page","type-page","status-publish","hentry"],"_links":{"self":[{"href":"https:\/\/www.retolspalau.com\/es\/wp-json\/wp\/v2\/pages\/16","targetHints":{"allow":["GET"]}}],"collection":[{"href":"https:\/\/www.retolspalau.com\/es\/wp-json\/wp\/v2\/pages"}],"about":[{"href":"https:\/\/www.retolspalau.com\/es\/wp-json\/wp\/v2\/types\/page"}],"author":[{"embeddable":true,"href":"https:\/\/www.retolspalau.com\/es\/wp-json\/wp\/v2\/users\/5"}],"replies":[{"embeddable":true,"href":"https:\/\/www.retolspalau.com\/es\/wp-json\/wp\/v2\/comments?post=16"}],"version-history":[{"count":69,"href":"https:\/\/www.retolspalau.com\/es\/wp-json\/wp\/v2\/pages\/16\/revisions"}],"predecessor-version":[{"id":2313,"href":"https:\/\/www.retolspalau.com\/es\/wp-json\/wp\/v2\/pages\/16\/revisions\/2313"}],"wp:attachment":[{"href":"https:\/\/www.retolspalau.com\/es\/wp-json\/wp\/v2\/media?parent=16"}],"curies":[{"name":"wp","href":"https:\/\/api.w.org\/{rel}","templated":true}]}}