{"id":2112,"date":"2021-02-16T18:42:31","date_gmt":"2021-02-16T17:42:31","guid":{"rendered":"http:\/\/www.retolspalau.com\/?page_id=2112"},"modified":"2021-03-10T00:21:15","modified_gmt":"2021-03-09T23:21:15","slug":"lonas","status":"publish","type":"page","link":"https:\/\/www.retolspalau.com\/es\/lonas\/","title":{"rendered":"Lonas"},"content":{"rendered":"<div class=\"fusion-bg-parallax\" data-bg-align=\"center top\" data-direction=\"up\" data-mute=\"false\" data-opacity=\"100\" data-velocity=\"-0.5\" data-mobile-enabled=\"true\" data-break_parents=\"0\" data-bg-image=\"http:\/\/www.retolspalau.com\/wp-content\/uploads\/2021\/02\/RP_BG_Lones.jpg\" data-bg-repeat=\"false\" ><\/div><div class=\"fusion-fullwidth fullwidth-box fusion-builder-row-1 fusion-flex-container fusion-parallax-up nonhundred-percent-fullwidth non-hundred-percent-height-scrolling\" style=\"--awb-background-position:center top;--awb-border-radius-top-left:0px;--awb-border-radius-top-right:0px;--awb-border-radius-bottom-right:0px;--awb-border-radius-bottom-left:0px;--awb-background-image:url(&quot;http:\/\/www.retolspalau.com\/wp-content\/uploads\/2021\/02\/RP_BG_Lones.jpg&quot;);--awb-background-size:cover;--awb-flex-wrap:wrap;\" ><div class=\"fusion-builder-row fusion-row fusion-flex-align-items-flex-start fusion-flex-content-wrap\" style=\"max-width:1248px;margin-left: calc(-4% \/ 2 );margin-right: calc(-4% \/ 2 );\"><div class=\"fusion-layout-column fusion_builder_column fusion-builder-column-0 fusion_builder_column_1_1 1_1 fusion-flex-column fusion-flex-align-self-center\" style=\"--awb-bg-position:center top;--awb-bg-size:cover;--awb-width-large:100%;--awb-margin-top-large:50px;--awb-spacing-right-large:1.92%;--awb-margin-bottom-large:50px;--awb-spacing-left-large:1.92%;--awb-width-medium:100%;--awb-order-medium:0;--awb-spacing-right-medium:1.92%;--awb-spacing-left-medium:1.92%;--awb-width-small:100%;--awb-order-small:0;--awb-spacing-right-small:1.92%;--awb-spacing-left-small:1.92%;\"><div class=\"fusion-column-wrapper fusion-column-has-shadow fusion-flex-justify-content-center fusion-content-layout-column\"><div class=\"fusion-image-element \" style=\"text-align:center;--awb-margin-top:50px;--awb-margin-bottom:50px;--awb-max-width:800px;--awb-caption-title-font-family:var(--h2_typography-font-family);--awb-caption-title-font-weight:var(--h2_typography-font-weight);--awb-caption-title-font-style:var(--h2_typography-font-style);--awb-caption-title-size:var(--h2_typography-font-size);--awb-caption-title-transform:var(--h2_typography-text-transform);--awb-caption-title-line-height:var(--h2_typography-line-height);--awb-caption-title-letter-spacing:var(--h2_typography-letter-spacing);\"><span class=\" fusion-imageframe imageframe-none imageframe-1 hover-type-none\"><img decoding=\"async\" width=\"1000\" height=\"640\" src=\"http:\/\/www.retolspalau.com\/wp-content\/uploads\/2021\/02\/Cap_Lones_ESP.png\" alt class=\"img-responsive wp-image-2299\" srcset=\"https:\/\/www.retolspalau.com\/wp-content\/uploads\/2021\/02\/Cap_Lones_ESP-200x128.png 200w, https:\/\/www.retolspalau.com\/wp-content\/uploads\/2021\/02\/Cap_Lones_ESP-400x256.png 400w, https:\/\/www.retolspalau.com\/wp-content\/uploads\/2021\/02\/Cap_Lones_ESP-600x384.png 600w, https:\/\/www.retolspalau.com\/wp-content\/uploads\/2021\/02\/Cap_Lones_ESP-800x512.png 800w, https:\/\/www.retolspalau.com\/wp-content\/uploads\/2021\/02\/Cap_Lones_ESP.png 1000w\" sizes=\"(max-width: 640px) 100vw, 1000px\" \/><\/span><\/div><div class=\"fusion-text fusion-text-1\"><p style=\"text-align: center;\">Creaci\u00f3n, producci\u00f3n e instalaci\u00f3n de todo tipo de lonas.<\/p>\n<\/div><div class=\"fusion-separator fusion-full-width-sep\" style=\"align-self: center;margin-left: auto;margin-right: auto;margin-top:20px;margin-bottom:20px;width:100%;\"><\/div><div class=\"awb-gallery-wrapper awb-gallery-wrapper-1 button-span-no\" data-limit=\"10\" data-page=\"1\"><div style=\"margin:-5px;--awb-bordersize:0px;\" class=\"fusion-gallery fusion-gallery-container fusion-grid-3 fusion-columns-total-8 fusion-gallery-layout-grid fusion-gallery-1\"><div style=\"padding:5px;\" class=\"fusion-grid-column fusion-gallery-column fusion-gallery-column-3 hover-type-zoomin\"><div class=\"fusion-gallery-image\"><a href=\"https:\/\/www.retolspalau.com\/wp-content\/uploads\/2021\/03\/lona_001.jpg\" rel=\"noreferrer\" data-rel=\"iLightbox[gallery_image_1]\" class=\"fusion-lightbox\" target=\"_self\"><img decoding=\"async\" src=\"https:\/\/www.retolspalau.com\/wp-content\/uploads\/2021\/03\/lona_001.jpg\" width=\"2000\" height=\"972\" alt=\"\" title=\"\" aria-label=\"\" class=\"img-responsive wp-image-2543\" srcset=\"https:\/\/www.retolspalau.com\/wp-content\/uploads\/2021\/03\/lona_001-200x97.jpg 200w, https:\/\/www.retolspalau.com\/wp-content\/uploads\/2021\/03\/lona_001-400x194.jpg 400w, https:\/\/www.retolspalau.com\/wp-content\/uploads\/2021\/03\/lona_001-600x292.jpg 600w, https:\/\/www.retolspalau.com\/wp-content\/uploads\/2021\/03\/lona_001-800x389.jpg 800w, https:\/\/www.retolspalau.com\/wp-content\/uploads\/2021\/03\/lona_001-1200x583.jpg 1200w, https:\/\/www.retolspalau.com\/wp-content\/uploads\/2021\/03\/lona_001.jpg 2000w\" sizes=\"(min-width: 2200px) 100vw, (min-width: 864px) 397px, (min-width: 752px) 595px, (min-width: 640px) 752px, \" \/><\/a><\/div><\/div><div style=\"padding:5px;\" class=\"fusion-grid-column fusion-gallery-column fusion-gallery-column-3 hover-type-zoomin\"><div class=\"fusion-gallery-image\"><a href=\"https:\/\/www.retolspalau.com\/wp-content\/uploads\/2021\/03\/lona_002.jpg\" rel=\"noreferrer\" data-rel=\"iLightbox[gallery_image_1]\" class=\"fusion-lightbox\" target=\"_self\"><img decoding=\"async\" src=\"https:\/\/www.retolspalau.com\/wp-content\/uploads\/2021\/03\/lona_002.jpg\" width=\"1097\" height=\"1200\" alt=\"\" title=\"\" aria-label=\"\" class=\"img-responsive wp-image-2545\" srcset=\"https:\/\/www.retolspalau.com\/wp-content\/uploads\/2021\/03\/lona_002-200x219.jpg 200w, https:\/\/www.retolspalau.com\/wp-content\/uploads\/2021\/03\/lona_002-400x438.jpg 400w, https:\/\/www.retolspalau.com\/wp-content\/uploads\/2021\/03\/lona_002-600x656.jpg 600w, https:\/\/www.retolspalau.com\/wp-content\/uploads\/2021\/03\/lona_002-800x875.jpg 800w, https:\/\/www.retolspalau.com\/wp-content\/uploads\/2021\/03\/lona_002.jpg 1097w\" sizes=\"(min-width: 2200px) 100vw, (min-width: 864px) 397px, (min-width: 752px) 595px, (min-width: 640px) 752px, \" \/><\/a><\/div><\/div><div style=\"padding:5px;\" class=\"fusion-grid-column fusion-gallery-column fusion-gallery-column-3 hover-type-zoomin\"><div class=\"fusion-gallery-image\"><a href=\"https:\/\/www.retolspalau.com\/wp-content\/uploads\/2021\/03\/lona_003.jpg\" rel=\"noreferrer\" data-rel=\"iLightbox[gallery_image_1]\" class=\"fusion-lightbox\" target=\"_self\"><img decoding=\"async\" src=\"https:\/\/www.retolspalau.com\/wp-content\/uploads\/2021\/03\/lona_003.jpg\" width=\"1238\" height=\"900\" alt=\"\" title=\"\" aria-label=\"\" class=\"img-responsive wp-image-2547\" srcset=\"https:\/\/www.retolspalau.com\/wp-content\/uploads\/2021\/03\/lona_003-200x145.jpg 200w, https:\/\/www.retolspalau.com\/wp-content\/uploads\/2021\/03\/lona_003-400x291.jpg 400w, https:\/\/www.retolspalau.com\/wp-content\/uploads\/2021\/03\/lona_003-600x436.jpg 600w, https:\/\/www.retolspalau.com\/wp-content\/uploads\/2021\/03\/lona_003-800x582.jpg 800w, https:\/\/www.retolspalau.com\/wp-content\/uploads\/2021\/03\/lona_003-1200x872.jpg 1200w, https:\/\/www.retolspalau.com\/wp-content\/uploads\/2021\/03\/lona_003.jpg 1238w\" sizes=\"(min-width: 2200px) 100vw, (min-width: 864px) 397px, (min-width: 752px) 595px, (min-width: 640px) 752px, \" \/><\/a><\/div><\/div><div class=\"clearfix\"><\/div><div style=\"padding:5px;\" class=\"fusion-grid-column fusion-gallery-column fusion-gallery-column-3 hover-type-zoomin\"><div class=\"fusion-gallery-image\"><a href=\"https:\/\/www.retolspalau.com\/wp-content\/uploads\/2021\/03\/lona_004.jpg\" rel=\"noreferrer\" data-rel=\"iLightbox[gallery_image_1]\" class=\"fusion-lightbox\" target=\"_self\"><img decoding=\"async\" src=\"https:\/\/www.retolspalau.com\/wp-content\/uploads\/2021\/03\/lona_004.jpg\" width=\"965\" height=\"561\" alt=\"\" title=\"\" aria-label=\"\" class=\"img-responsive wp-image-2549\" srcset=\"https:\/\/www.retolspalau.com\/wp-content\/uploads\/2021\/03\/lona_004-200x116.jpg 200w, https:\/\/www.retolspalau.com\/wp-content\/uploads\/2021\/03\/lona_004-400x233.jpg 400w, https:\/\/www.retolspalau.com\/wp-content\/uploads\/2021\/03\/lona_004-600x349.jpg 600w, https:\/\/www.retolspalau.com\/wp-content\/uploads\/2021\/03\/lona_004-800x465.jpg 800w, https:\/\/www.retolspalau.com\/wp-content\/uploads\/2021\/03\/lona_004.jpg 965w\" sizes=\"(min-width: 2200px) 100vw, (min-width: 864px) 397px, (min-width: 752px) 595px, (min-width: 640px) 752px, \" \/><\/a><\/div><\/div><div style=\"padding:5px;\" class=\"fusion-grid-column fusion-gallery-column fusion-gallery-column-3 hover-type-zoomin\"><div class=\"fusion-gallery-image\"><a href=\"https:\/\/www.retolspalau.com\/wp-content\/uploads\/2021\/03\/lona_005.jpg\" rel=\"noreferrer\" data-rel=\"iLightbox[gallery_image_1]\" class=\"fusion-lightbox\" target=\"_self\"><img decoding=\"async\" src=\"https:\/\/www.retolspalau.com\/wp-content\/uploads\/2021\/03\/lona_005.jpg\" width=\"1572\" height=\"565\" alt=\"\" title=\"\" aria-label=\"\" class=\"img-responsive wp-image-2551\" srcset=\"https:\/\/www.retolspalau.com\/wp-content\/uploads\/2021\/03\/lona_005-200x72.jpg 200w, https:\/\/www.retolspalau.com\/wp-content\/uploads\/2021\/03\/lona_005-400x144.jpg 400w, https:\/\/www.retolspalau.com\/wp-content\/uploads\/2021\/03\/lona_005-600x216.jpg 600w, https:\/\/www.retolspalau.com\/wp-content\/uploads\/2021\/03\/lona_005-800x288.jpg 800w, https:\/\/www.retolspalau.com\/wp-content\/uploads\/2021\/03\/lona_005-1200x431.jpg 1200w, https:\/\/www.retolspalau.com\/wp-content\/uploads\/2021\/03\/lona_005.jpg 1572w\" sizes=\"(min-width: 2200px) 100vw, (min-width: 864px) 397px, (min-width: 752px) 595px, (min-width: 640px) 752px, \" \/><\/a><\/div><\/div><div style=\"padding:5px;\" class=\"fusion-grid-column fusion-gallery-column fusion-gallery-column-3 hover-type-zoomin\"><div class=\"fusion-gallery-image\"><a href=\"https:\/\/www.retolspalau.com\/wp-content\/uploads\/2021\/03\/lona_006.jpg\" rel=\"noreferrer\" data-rel=\"iLightbox[gallery_image_1]\" class=\"fusion-lightbox\" target=\"_self\"><img decoding=\"async\" src=\"https:\/\/www.retolspalau.com\/wp-content\/uploads\/2021\/03\/lona_006.jpg\" width=\"1162\" height=\"918\" alt=\"\" title=\"\" aria-label=\"\" class=\"img-responsive wp-image-2553\" srcset=\"https:\/\/www.retolspalau.com\/wp-content\/uploads\/2021\/03\/lona_006-200x158.jpg 200w, https:\/\/www.retolspalau.com\/wp-content\/uploads\/2021\/03\/lona_006-400x316.jpg 400w, https:\/\/www.retolspalau.com\/wp-content\/uploads\/2021\/03\/lona_006-600x474.jpg 600w, https:\/\/www.retolspalau.com\/wp-content\/uploads\/2021\/03\/lona_006-800x632.jpg 800w, https:\/\/www.retolspalau.com\/wp-content\/uploads\/2021\/03\/lona_006.jpg 1162w\" sizes=\"(min-width: 2200px) 100vw, (min-width: 864px) 397px, (min-width: 752px) 595px, (min-width: 640px) 752px, \" \/><\/a><\/div><\/div><div class=\"clearfix\"><\/div><div style=\"padding:5px;\" class=\"fusion-grid-column fusion-gallery-column fusion-gallery-column-3 hover-type-zoomin\"><div class=\"fusion-gallery-image\"><a href=\"https:\/\/www.retolspalau.com\/wp-content\/uploads\/2021\/03\/lona_007.jpg\" rel=\"noreferrer\" data-rel=\"iLightbox[gallery_image_1]\" class=\"fusion-lightbox\" target=\"_self\"><img decoding=\"async\" src=\"https:\/\/www.retolspalau.com\/wp-content\/uploads\/2021\/03\/lona_007.jpg\" width=\"1600\" height=\"900\" alt=\"\" title=\"\" aria-label=\"\" class=\"img-responsive wp-image-2555\" srcset=\"https:\/\/www.retolspalau.com\/wp-content\/uploads\/2021\/03\/lona_007-200x113.jpg 200w, https:\/\/www.retolspalau.com\/wp-content\/uploads\/2021\/03\/lona_007-400x225.jpg 400w, https:\/\/www.retolspalau.com\/wp-content\/uploads\/2021\/03\/lona_007-600x338.jpg 600w, https:\/\/www.retolspalau.com\/wp-content\/uploads\/2021\/03\/lona_007-800x450.jpg 800w, https:\/\/www.retolspalau.com\/wp-content\/uploads\/2021\/03\/lona_007-1200x675.jpg 1200w, https:\/\/www.retolspalau.com\/wp-content\/uploads\/2021\/03\/lona_007.jpg 1600w\" sizes=\"(min-width: 2200px) 100vw, (min-width: 864px) 397px, (min-width: 752px) 595px, (min-width: 640px) 752px, \" \/><\/a><\/div><\/div><div style=\"padding:5px;\" class=\"fusion-grid-column fusion-gallery-column fusion-gallery-column-3 hover-type-zoomin\"><div class=\"fusion-gallery-image\"><a href=\"https:\/\/www.retolspalau.com\/wp-content\/uploads\/2021\/03\/lona_008.jpg\" rel=\"noreferrer\" data-rel=\"iLightbox[gallery_image_1]\" class=\"fusion-lightbox\" target=\"_self\"><img decoding=\"async\" src=\"https:\/\/www.retolspalau.com\/wp-content\/uploads\/2021\/03\/lona_008.jpg\" width=\"1007\" height=\"1200\" alt=\"\" title=\"\" aria-label=\"\" class=\"img-responsive wp-image-2557\" srcset=\"https:\/\/www.retolspalau.com\/wp-content\/uploads\/2021\/03\/lona_008-200x238.jpg 200w, https:\/\/www.retolspalau.com\/wp-content\/uploads\/2021\/03\/lona_008-400x477.jpg 400w, https:\/\/www.retolspalau.com\/wp-content\/uploads\/2021\/03\/lona_008-600x715.jpg 600w, https:\/\/www.retolspalau.com\/wp-content\/uploads\/2021\/03\/lona_008-800x953.jpg 800w, https:\/\/www.retolspalau.com\/wp-content\/uploads\/2021\/03\/lona_008.jpg 1007w\" sizes=\"(min-width: 2200px) 100vw, (min-width: 864px) 397px, (min-width: 752px) 595px, (min-width: 640px) 752px, \" \/><\/a><\/div><\/div><\/div><\/div><div class=\"fusion-separator fusion-full-width-sep\" style=\"align-self: center;margin-left: auto;margin-right: auto;margin-top:20px;margin-bottom:20px;width:100%;\"><\/div><\/div><\/div><\/div><\/div>\n","protected":false},"excerpt":{"rendered":"","protected":false},"author":5,"featured_media":0,"parent":0,"menu_order":9,"comment_status":"closed","ping_status":"closed","template":"100-width.php","meta":{"footnotes":""},"class_list":["post-2112","page","type-page","status-publish","hentry"],"_links":{"self":[{"href":"https:\/\/www.retolspalau.com\/es\/wp-json\/wp\/v2\/pages\/2112","targetHints":{"allow":["GET"]}}],"collection":[{"href":"https:\/\/www.retolspalau.com\/es\/wp-json\/wp\/v2\/pages"}],"about":[{"href":"https:\/\/www.retolspalau.com\/es\/wp-json\/wp\/v2\/types\/page"}],"author":[{"embeddable":true,"href":"https:\/\/www.retolspalau.com\/es\/wp-json\/wp\/v2\/users\/5"}],"replies":[{"embeddable":true,"href":"https:\/\/www.retolspalau.com\/es\/wp-json\/wp\/v2\/comments?post=2112"}],"version-history":[{"count":12,"href":"https:\/\/www.retolspalau.com\/es\/wp-json\/wp\/v2\/pages\/2112\/revisions"}],"predecessor-version":[{"id":2727,"href":"https:\/\/www.retolspalau.com\/es\/wp-json\/wp\/v2\/pages\/2112\/revisions\/2727"}],"wp:attachment":[{"href":"https:\/\/www.retolspalau.com\/es\/wp-json\/wp\/v2\/media?parent=2112"}],"curies":[{"name":"wp","href":"https:\/\/api.w.org\/{rel}","templated":true}]}}