{"id":279,"date":"2012-09-05T16:44:06","date_gmt":"2012-09-05T15:44:06","guid":{"rendered":"http:\/\/www.retolspalau.com\/?page_id=279"},"modified":"2021-03-10T00:18:42","modified_gmt":"2021-03-09T23:18:42","slug":"politica-de-privacidad","status":"publish","type":"page","link":"https:\/\/www.retolspalau.com\/es\/politica-de-privacidad\/","title":{"rendered":"Pol\u00edtica de privacidad"},"content":{"rendered":"<div class=\"fusion-bg-parallax\" data-bg-align=\"center top\" data-direction=\"up\" data-mute=\"false\" data-opacity=\"100\" data-velocity=\"-0.5\" data-mobile-enabled=\"true\" data-break_parents=\"0\" data-bg-image=\"http:\/\/www.retolspalau.com\/wp-content\/uploads\/2021\/02\/RP_BG_Neutral-1.jpg\" data-bg-repeat=\"true\" ><\/div><div class=\"fusion-fullwidth fullwidth-box fusion-builder-row-1 fusion-flex-container fusion-parallax-up nonhundred-percent-fullwidth non-hundred-percent-height-scrolling\" style=\"--awb-background-position:center top;--awb-background-repeat:repeat-y;--awb-border-radius-top-left:0px;--awb-border-radius-top-right:0px;--awb-border-radius-bottom-right:0px;--awb-border-radius-bottom-left:0px;--awb-background-image:url(&quot;http:\/\/www.retolspalau.com\/wp-content\/uploads\/2021\/02\/RP_BG_Neutral-1.jpg&quot;);--awb-flex-wrap:wrap;\" ><div class=\"fusion-builder-row fusion-row fusion-flex-align-items-flex-start fusion-flex-content-wrap\" style=\"max-width:1248px;margin-left: calc(-4% \/ 2 );margin-right: calc(-4% \/ 2 );\"><div class=\"fusion-layout-column fusion_builder_column fusion-builder-column-0 fusion_builder_column_1_1 1_1 fusion-flex-column fusion-flex-align-self-center\" style=\"--awb-bg-position:center top;--awb-bg-size:cover;--awb-width-large:100%;--awb-margin-top-large:50px;--awb-spacing-right-large:1.92%;--awb-margin-bottom-large:50px;--awb-spacing-left-large:1.92%;--awb-width-medium:100%;--awb-order-medium:0;--awb-spacing-right-medium:1.92%;--awb-spacing-left-medium:1.92%;--awb-width-small:100%;--awb-order-small:0;--awb-spacing-right-small:1.92%;--awb-spacing-left-small:1.92%;\"><div class=\"fusion-column-wrapper fusion-column-has-shadow fusion-flex-justify-content-center fusion-content-layout-column\"><div class=\"fusion-text fusion-text-1\"><h1>POL\u00cdTICA<br \/>\nDE PRIVACIDAD<\/h1>\n<p><strong>INFORMACI\u00d3N GENERAL PROTECCI\u00d3N DE DATOS<\/strong><\/p>\n<p>De conformidad con el Reglamento (UE) 2016\/679, de 27 de abril de 2016, relativo a la protecci\u00f3n de las personas f\u00edsicas en relaci\u00f3n al tratamiento de datos personales ya la libre circulaci\u00f3n de estos datos, as\u00ed como con la normativa estatal de protecci\u00f3n de datos. R\u00c8TOLS PALAU S.L. informa:<\/p>\n<p><strong>1. QUI\u00c9N ES RESPONSABLE DEL TRATAMIENTO DE SUS DATOS PERSONALES?<\/strong><br \/>\nLa entidad que es responsable del tratamiento de sus datos personales es:<\/p>\n<p><strong>Denominaci\u00f3n Social:<\/strong> R\u00c8TOLS PALAU S.L.<br \/>\n<strong>Domicilio social: <\/strong>Calle Puig de la Creu,1. 08184 Palau-solit\u00e0 i Plegamans (Barcelona).<br \/>\n<strong>CIF \/ NIF:<\/strong> B61956009<br \/>\n<strong>Tel\u00e9fono:<\/strong> 93 864 46 90<br \/>\n<strong>E-Mail:\u00a0<\/strong><a href=\"mailto:info@retolspalau.com\">info@retolspalau.com<\/a><br \/>\n<strong>Nombre de dominio:<\/strong> www.retolspalau.com<span class=\"Apple-converted-space\"><br \/>\n<\/span><\/p>\n<p><strong>2. PRINCIPIOS CLAVE<\/strong><br \/>\nValoramos los datos personales que nos ha confiado y tenemos el compromiso de Tratar sus datos Personales de manera justa, transparente y segura. Los principios clave que R\u00c8TOLS PALAU S.L.<strong>\u00a0<\/strong>aplica son los siguientes:<br \/>\nLegalidad: s\u00f3lo recopilaremos sus Datos personales para fines espec\u00edficos, expl\u00edcitas y leg\u00edtimas, y no procesaremos sus datos personales de manera incompatible con aquellos prop\u00f3sitos.<br \/>\nMinimizaci\u00f3n de datos: limitaremos la recogida de datos de car\u00e1cter personal a lo estrictamente relevante y necesario para las finalidades que se han recopilado.<br \/>\nLimitaci\u00f3n de la Finalidad: s\u00f3lo recogeremos sus datos personales para fines espec\u00edficos, expl\u00edcitas y leg\u00edtimas, y no procesaremos sus datos personales de manera incompatible con esos fines.<br \/>\nPrecisi\u00f3n: mantendremos sus datos personales exactos y actualizados.<br \/>\nSeguridad de los Datos: aplicaremos las medidas t\u00e9cnicas y organizativas adecuadas para garantizar un nivel adecuado de seguridad en relaci\u00f3n con el riesgos que presente el tratamiento y la naturaleza de los datos que deban protegerse.\u00a0Estos medios se establecen para prevenir de cualquier divulgaci\u00f3n o acceso no autorizado, la destrucci\u00f3n accidental o il\u00edcita o su p\u00e9rdida accidental o alteraci\u00f3n y cualquier otra forma de tratamiento il\u00edcito.<br \/>\nAcceso y rectificaci\u00f3n: trataremos sus datos personales de acuerdo con sus derechos de privacidad.<br \/>\nConservaci\u00f3n: Conservaremos sus datos personales de manera coherente con las leyes y normativas de protecci\u00f3n de datos aplicables y no m\u00e1s de lo necesario para las finalidades para las que han sido recopilados.<br \/>\nLas transferencias internacionales: garantizaremos que todos los datos personales transferidos fuera de la UE \/ EEE est\u00e1n adecuadamente protegidas.<br \/>\nTerceros: garantizaremos que el acceso y transferencia de datos personales a terceros que se llevar\u00e1n a cabo de acuerdo con las leyes y reglamentos aplicables y con las garant\u00edas contractuales adecuadas.<br \/>\nMarketing Directo y cookies: nos aseguraremos del cumplimiento de la legislaci\u00f3n aplicable en materia de publicidad y cookies.<\/p>\n<p><strong>3. TRATAMIENTO DE DATOS PERSONALES: \u00bfQU\u00c9 DATOS PERSONALES recopilar y CU\u00c1LES SON LOS ASPECTOS JUR\u00cdDICOS?<\/strong><br \/>\nSiempre que solicitamos sus datos personales, informaremos con claridad de qu\u00e9 datos personales recogemos.\u00a0Esta informaci\u00f3n le ser\u00e1 proporcionada mediante un aviso de privacidad separado que, por ejemplo, se incluir\u00e1 en servicios espec\u00edficos (incluidos los servicios de comunicaci\u00f3n), boletines electr\u00f3nicos, recordatorios, encuestas, ofertas, invitaciones para eventos, etc.<br \/>\nTenga presente que, de acuerdo con la normativa de protecci\u00f3n de datos aplicable;\u00a0sus datos personales pueden procesarse si: nos ha dado su consentimiento a los efectos del tratamiento (tal como se describe en el aviso de privacidad relacionado con este tratamiento en particular) Para evitar dudas, siempre tendr\u00e1 derecho a retirar su consentimiento en cualquier momento;\u00a0o es necesario para la ejecuci\u00f3n de un contrato del que se es parte;\u00a0o con este tratamiento, buscamos un inter\u00e9s leg\u00edtimo que no se vea menoscabado por sus derechos de privacidades.\u00a0Este inter\u00e9s leg\u00edtimo se le comunicar\u00e1 debidamente en el aviso de privacidad relacionado con aquel tratamiento en particular es requerido por ley.<\/p>\n<p><strong>4. PARA QU\u00c9 FINES procesar sus datos personales<\/strong><br \/>\nS\u00f3lo tratamos sus datos personales para fines espec\u00edficos, expl\u00edcitas y leg\u00edtimas y no trataremos sus datos personales de forma incompatible con estos fines.<br \/>\nLa finalidad de cada tratamiento de sus datos personales estar\u00e1 claramente definida en el aviso de privacidad, por ejemplo, en un sitio web o portal, en una aplicaci\u00f3n, en un bolet\u00edn electr\u00f3nico, etc.)<br \/>\nEl usuario al cumplimentar cualquiera de nuestros formularios o ponerse en contacto con R\u00c8TOLS PALAU S.L.<em>\u00a0<\/em>mediante el correo electr\u00f3nico autoriza expresamente a la utilizaci\u00f3n de los mismos con el fin de enviarle por correo electr\u00f3nico informaci\u00f3n sobre ofertas, promociones, productos de R\u00c8TOLS PALAU S.L.<\/p>\n<p><strong>5. ACCESO A LOS DATOS PERSONALES<\/strong><br \/>\nUsted tiene el derecho a acceder a sus datos personales que tenemos y, si estos datos personales son inexactos o incompletos, para solicitar la rectificaci\u00f3n o supresi\u00f3n de estos datos personales. Si desea m\u00e1s informaci\u00f3n en relaci\u00f3n con sus derechos de privacidad o desea ejercer cualquiera de estos derechos, por favor p\u00f3ngase en contacto con nosotros a trav\u00e9s del mail: <a href=\"mailto:info@retolspalau.com\">info@retolspalau.com<\/a>.<\/p>\n<p><strong>6. DURACI\u00d3N DEL TRATAMIENTO DE DATOS<\/strong><br \/>\nMantendremos sus datos personales con arreglo a lo dispuesto en la normativa de protecci\u00f3n de datos.\u00a0S\u00f3lo se conservar\u00e1n sus datos personales durante en tiempo que sea necesario para cumplir con lo dispuesto en la legislaci\u00f3n aplicable o para las finalidades para las que se procesan sus datos personales.<br \/>\nPara obtener informaci\u00f3n sobre cu\u00e1nto tiempo es probable que se guarden ciertos datos personales antes de ser eliminadas de nuestros sistemas y bases de datos, contacte con nosotros a trav\u00e9s del mail: <a href=\"mailto:info@retolspalau.com\">info@retolspalau.com<\/a>.<\/p>\n<p><strong>7. SEGURIDAD DE DATOS<\/strong><br \/>\nSus datos personales s\u00f3lo podr\u00e1n ser procesados por un tercero si el Encargado del Tratamiento se compromete a adoptar las medidas t\u00e9cnicas y organizativas que sean necesarias para cumplir con el compromiso de seguridad en el tratamiento de datos.<br \/>\nMantener la seguridad de los datos significa proteger la confidencialidad, la integridad y la disponibilidad de sus datos personales:<br \/>\n(a) Confidencialidad: protegeremos sus datos personales para evitar su divulgaci\u00f3n a terceros.<br \/>\n(b) Integridad: protegeremos sus datos personales para que no sean modificadas por terceros no autorizados.<br \/>\n(c) Disponibilidad: Nos aseguramos de que las personas autorizadas puedan acceder a sus datos personales cuando sea necesario.<\/p>\n<p><strong>8. USO DE COOKIES Y SERVICIOS SIMILARES<\/strong><br \/>\nUtilizamos cookies en nuestros sitios web.\u00a0Esto nos ayuda a darle una mejor experiencia al navegar en nuestro sitio web y tambi\u00e9n nos permite hacer mejoras en nuestro sitio.<br \/>\nPara m\u00e1s informaci\u00f3n soble el uso de cookies y c\u00f3mo evitarlas, por favor consulte nuestra pol\u00edtica de cookies, disponible en R\u00c8TOLS PALAU S.L.<\/p>\n<p><strong>9. USO DE REDES SOCIALES<\/strong><br \/>\nSi utiliza un nombre de usuario espec\u00edfico en una red social como su nombre de usuario de Facebook, Instagram o Twitter, R\u00c8TOLS PALAU S.L.<em>\u00a0<\/em>registrar\u00e1 los datos disponibles en estas redes sociales y para el que expresamente a permitido la comunicaci\u00f3n a trav\u00e9s de la aplicaci\u00f3n seleccionada.<br \/>\nR\u00c8TOLS PALAU S.L. ocasiones facilita la publicaci\u00f3n de los datos (personales) a trav\u00e9s de las redes sociales como Instagram, Twitter y Facebook. Estos medios de comunicaci\u00f3n social tienen sus propias condiciones de uso que usted est\u00e1 obligado a tener presente y observar si hace uso.<br \/>\nLa publicaci\u00f3n en medios sociales puede tener consecuencias (no deseadas) incluida la imposibilidad de retirada en un breve tiempo de la distribuci\u00f3n de su privacidad o la de las personas con las que comparte datos. Debe tener presente estas consecuencias, para las que usted est\u00e1 tomando la decisi\u00f3n sobre la publicaci\u00f3n en estos medios. R\u00c8TOLS PALAU S.L.<em>\u00a0<\/em>no acepta ninguna responsabilidad en este sentido.<\/p>\n<p><strong>10. INFORMACI\u00d3N LEGAL<\/strong><br \/>\nLos requisitos de esta Pol\u00edtica complementan, y no sustituyen, cualquier otro requisito existente bajo la ley de protecci\u00f3n de datos aplicable.\u00a0En caso de contradicci\u00f3n entre lo que est\u00e1 escrito en esta Pol\u00edtica y los requisitos en la leve de protecci\u00f3n de datos aplicable, la normativa de protecci\u00f3n de datos aplicable tendr\u00e1 prioridad.<br \/>\nR\u00c8TOLS PALAU S.L. puede modificar esta Pol\u00edtica en cualquier momento. Puede verificar esta Pol\u00edtica peri\u00f3dicamente a R\u00c8TOLS PALAU S.L., <em>\u00a0<\/em>para informarse sobre cualquier cambio.<\/p>\n<\/div><\/div><\/div><\/div><\/div>\n","protected":false},"excerpt":{"rendered":"","protected":false},"author":5,"featured_media":0,"parent":0,"menu_order":50,"comment_status":"closed","ping_status":"closed","template":"100-width.php","meta":{"footnotes":""},"class_list":["post-279","page","type-page","status-publish","hentry"],"_links":{"self":[{"href":"https:\/\/www.retolspalau.com\/es\/wp-json\/wp\/v2\/pages\/279","targetHints":{"allow":["GET"]}}],"collection":[{"href":"https:\/\/www.retolspalau.com\/es\/wp-json\/wp\/v2\/pages"}],"about":[{"href":"https:\/\/www.retolspalau.com\/es\/wp-json\/wp\/v2\/types\/page"}],"author":[{"embeddable":true,"href":"https:\/\/www.retolspalau.com\/es\/wp-json\/wp\/v2\/users\/5"}],"replies":[{"embeddable":true,"href":"https:\/\/www.retolspalau.com\/es\/wp-json\/wp\/v2\/comments?post=279"}],"version-history":[{"count":39,"href":"https:\/\/www.retolspalau.com\/es\/wp-json\/wp\/v2\/pages\/279\/revisions"}],"predecessor-version":[{"id":2725,"href":"https:\/\/www.retolspalau.com\/es\/wp-json\/wp\/v2\/pages\/279\/revisions\/2725"}],"wp:attachment":[{"href":"https:\/\/www.retolspalau.com\/es\/wp-json\/wp\/v2\/media?parent=279"}],"curies":[{"name":"wp","href":"https:\/\/api.w.org\/{rel}","templated":true}]}}